{"id":8,"date":"2026-04-10T08:30:58","date_gmt":"2026-04-10T08:30:58","guid":{"rendered":"https:\/\/www.acatecinternational.com\/?page_id=8"},"modified":"2026-04-10T12:59:47","modified_gmt":"2026-04-10T12:59:47","slug":"elementor-8","status":"publish","type":"page","link":"https:\/\/www.acatecinternational.com\/","title":{"rendered":"Elementor #8"},"content":{"rendered":"\t\t<div data-elementor-type=\"wp-post\" data-elementor-id=\"8\" class=\"elementor elementor-8\">\n\t\t\t\t<div class=\"elementor-element elementor-element-bdcc1bf e-flex e-con-boxed e-con e-parent\" data-id=\"bdcc1bf\" data-element_type=\"container\" data-e-type=\"container\" data-settings=\"{&quot;background_background&quot;:&quot;classic&quot;}\">\n\t\t\t\t\t<div class=\"e-con-inner\">\n\t\t\t\t<div class=\"elementor-element elementor-element-460794d elementor-widget elementor-widget-heading\" data-id=\"460794d\" data-element_type=\"widget\" data-e-type=\"widget\" data-widget_type=\"heading.default\">\n\t\t\t\t\t<h1 class=\"elementor-heading-title elementor-size-default\">ACADEMIA DE F\u00daTBOL PROFESIONAL<\/h1>\t\t\t\t<\/div>\n\t\t\t\t<div class=\"elementor-element elementor-element-d9f8018 elementor-widget elementor-widget-image\" data-id=\"d9f8018\" data-element_type=\"widget\" data-e-type=\"widget\" data-widget_type=\"image.default\">\n\t\t\t\t\t\t\t\t\t\t\t\t\t\t\t<img fetchpriority=\"high\" decoding=\"async\" width=\"1597\" height=\"803\" src=\"https:\/\/www.acatecinternational.com\/wp-content\/uploads\/2026\/04\/ACATEC_RRSS_2026-1920-x-1080-px-1-e1775821297712.png\" class=\"attachment-full size-full wp-image-19\" alt=\"\" srcset=\"https:\/\/www.acatecinternational.com\/wp-content\/uploads\/2026\/04\/ACATEC_RRSS_2026-1920-x-1080-px-1-e1775821297712.png 1597w, https:\/\/www.acatecinternational.com\/wp-content\/uploads\/2026\/04\/ACATEC_RRSS_2026-1920-x-1080-px-1-e1775821297712-300x151.png 300w, https:\/\/www.acatecinternational.com\/wp-content\/uploads\/2026\/04\/ACATEC_RRSS_2026-1920-x-1080-px-1-e1775821297712-1024x515.png 1024w, https:\/\/www.acatecinternational.com\/wp-content\/uploads\/2026\/04\/ACATEC_RRSS_2026-1920-x-1080-px-1-e1775821297712-768x386.png 768w, https:\/\/www.acatecinternational.com\/wp-content\/uploads\/2026\/04\/ACATEC_RRSS_2026-1920-x-1080-px-1-e1775821297712-1536x772.png 1536w\" sizes=\"(max-width: 1597px) 100vw, 1597px\" \/>\t\t\t\t\t\t\t\t\t\t\t\t\t\t\t<\/div>\n\t\t<a class=\"elementor-element elementor-element-92eb128 e-con-full e-flex elementor-invisible e-con e-child\" data-id=\"92eb128\" data-element_type=\"container\" data-e-type=\"container\" data-settings=\"{&quot;background_background&quot;:&quot;classic&quot;,&quot;animation&quot;:&quot;slideInUp&quot;}\" href=\"#\">\n\t\t\t\t<div class=\"elementor-element elementor-element-09a1291 elementor-widget elementor-widget-text-editor\" data-id=\"09a1291\" data-element_type=\"widget\" data-e-type=\"widget\" data-widget_type=\"text-editor.default\">\n\t\t\t\t\t\t\t\t\t<p>Quiero formar parte<\/p>\t\t\t\t\t\t\t\t<\/div>\n\t\t\t\t<\/a>\n\t\t\t\t\t<\/div>\n\t\t\t\t<\/div>\n\t\t<div class=\"elementor-element elementor-element-3ddca91 e-flex e-con-boxed e-con e-parent\" data-id=\"3ddca91\" data-element_type=\"container\" data-e-type=\"container\" data-settings=\"{&quot;shape_divider_bottom&quot;:&quot;triangle-asymmetrical&quot;}\">\n\t\t\t\t\t<div class=\"e-con-inner\">\n\t\t\t\t<div class=\"elementor-shape elementor-shape-bottom\" aria-hidden=\"true\" data-negative=\"false\">\n\t\t\t<svg xmlns=\"http:\/\/www.w3.org\/2000\/svg\" viewBox=\"0 0 1000 100\" preserveAspectRatio=\"none\">\n\t<path class=\"elementor-shape-fill\" d=\"M738,99l262-93V0H0v5.6L738,99z\"\/>\n<\/svg>\t\t<\/div>\n\t\t<div class=\"elementor-element elementor-element-07b4e6d e-con-full e-flex e-con e-child\" data-id=\"07b4e6d\" data-element_type=\"container\" data-e-type=\"container\" data-settings=\"{&quot;background_background&quot;:&quot;classic&quot;}\">\n\t\t\t\t<div class=\"elementor-element elementor-element-7f45c29 elementor-widget elementor-widget-heading\" data-id=\"7f45c29\" data-element_type=\"widget\" data-e-type=\"widget\" data-widget_type=\"heading.default\">\n\t\t\t\t\t<h2 class=\"elementor-heading-title elementor-size-default\">Donde el talento se pone a prueba<\/h2>\t\t\t\t<\/div>\n\t\t\t\t<div class=\"elementor-element elementor-element-d257484 elementor-widget elementor-widget-image\" data-id=\"d257484\" data-element_type=\"widget\" data-e-type=\"widget\" data-widget_type=\"image.default\">\n\t\t\t\t\t\t\t\t\t\t\t\t\t\t\t<img decoding=\"async\" width=\"1812\" height=\"45\" src=\"https:\/\/www.acatecinternational.com\/wp-content\/uploads\/2026\/04\/Group-23.png\" class=\"attachment-full size-full wp-image-120\" alt=\"\" srcset=\"https:\/\/www.acatecinternational.com\/wp-content\/uploads\/2026\/04\/Group-23.png 1812w, https:\/\/www.acatecinternational.com\/wp-content\/uploads\/2026\/04\/Group-23-300x7.png 300w, https:\/\/www.acatecinternational.com\/wp-content\/uploads\/2026\/04\/Group-23-1024x25.png 1024w, https:\/\/www.acatecinternational.com\/wp-content\/uploads\/2026\/04\/Group-23-768x19.png 768w, https:\/\/www.acatecinternational.com\/wp-content\/uploads\/2026\/04\/Group-23-1536x38.png 1536w\" sizes=\"(max-width: 1812px) 100vw, 1812px\" \/>\t\t\t\t\t\t\t\t\t\t\t\t\t\t\t<\/div>\n\t\t<div class=\"elementor-element elementor-element-0b4cf38 e-con-full e-flex e-con e-child\" data-id=\"0b4cf38\" data-element_type=\"container\" data-e-type=\"container\">\n\t\t\t\t<div class=\"elementor-element elementor-element-365d1a5 elementor-widget elementor-widget-text-editor\" data-id=\"365d1a5\" data-element_type=\"widget\" data-e-type=\"widget\" data-widget_type=\"text-editor.default\">\n\t\t\t\t\t\t\t\t\t<p>En <b data-path-to-node=\"4\" data-index-in-node=\"3\">ACATEC Alicante<\/b>, no solo ense\u00f1amos f\u00fatbol; forjamos el futuro del talento deportivo. Somos mucho m\u00e1s que una academia: somos un <b data-path-to-node=\"4\" data-index-in-node=\"131\">centro de tecnificaci\u00f3n de alto rendimiento<\/b> dise\u00f1ado para jugadores y jugadoras que buscan alcanzar su m\u00e1ximo potencial y dar el salto al f\u00fatbol profesional<\/p><p>Fundada con la misi\u00f3n de profesionalizar la ense\u00f1anza del f\u00fatbol base, <b>ACATEC <\/b>se ha consolidado como un referente nacional e internacional.<\/p><p>Nuestra metodolog\u00eda propia, basada en la <b data-path-to-node=\"6\" data-index-in-node=\"181\">tecnificaci\u00f3n individualizada<\/b>, permite que cada alumno mejore sus capacidades t\u00e9cnicas, t\u00e1cticas y f\u00edsicas bajo la supervisi\u00f3n de entrenadores de primer nivel.<\/p>\t\t\t\t\t\t\t\t<\/div>\n\t\t\t\t<\/div>\n\t\t\t\t<\/div>\n\t\t<div class=\"elementor-element elementor-element-e50ebba e-con-full e-flex e-con e-child\" data-id=\"e50ebba\" data-element_type=\"container\" data-e-type=\"container\">\n\t\t\t\t<div class=\"elementor-element elementor-element-6e88f3b elementor-widget elementor-widget-image\" data-id=\"6e88f3b\" data-element_type=\"widget\" data-e-type=\"widget\" data-widget_type=\"image.default\">\n\t\t\t\t\t\t\t\t\t\t\t\t\t\t\t<img decoding=\"async\" width=\"800\" height=\"600\" src=\"https:\/\/www.acatecinternational.com\/wp-content\/uploads\/2026\/04\/WhatsApp-Image-2026-03-16-at-12.32.03-3-1024x768.jpeg\" class=\"attachment-large size-large wp-image-6\" alt=\"\" srcset=\"https:\/\/www.acatecinternational.com\/wp-content\/uploads\/2026\/04\/WhatsApp-Image-2026-03-16-at-12.32.03-3-1024x768.jpeg 1024w, https:\/\/www.acatecinternational.com\/wp-content\/uploads\/2026\/04\/WhatsApp-Image-2026-03-16-at-12.32.03-3-300x225.jpeg 300w, https:\/\/www.acatecinternational.com\/wp-content\/uploads\/2026\/04\/WhatsApp-Image-2026-03-16-at-12.32.03-3-768x576.jpeg 768w, https:\/\/www.acatecinternational.com\/wp-content\/uploads\/2026\/04\/WhatsApp-Image-2026-03-16-at-12.32.03-3-1536x1152.jpeg 1536w, https:\/\/www.acatecinternational.com\/wp-content\/uploads\/2026\/04\/WhatsApp-Image-2026-03-16-at-12.32.03-3.jpeg 1600w\" sizes=\"(max-width: 800px) 100vw, 800px\" \/>\t\t\t\t\t\t\t\t\t\t\t\t\t\t\t<\/div>\n\t\t\t\t<\/div>\n\t\t\t\t\t<\/div>\n\t\t\t\t<\/div>\n\t\t<div class=\"elementor-element elementor-element-a8e1a61 e-flex e-con-boxed e-con e-parent\" data-id=\"a8e1a61\" data-element_type=\"container\" data-e-type=\"container\" data-settings=\"{&quot;background_background&quot;:&quot;classic&quot;,&quot;shape_divider_top&quot;:&quot;triangle-asymmetrical&quot;,&quot;shape_divider_bottom&quot;:&quot;triangle-asymmetrical&quot;}\">\n\t\t\t\t\t<div class=\"e-con-inner\">\n\t\t\t\t<div class=\"elementor-shape elementor-shape-top\" aria-hidden=\"true\" data-negative=\"false\">\n\t\t\t<svg xmlns=\"http:\/\/www.w3.org\/2000\/svg\" viewBox=\"0 0 1000 100\" preserveAspectRatio=\"none\">\n\t<path class=\"elementor-shape-fill\" d=\"M738,99l262-93V0H0v5.6L738,99z\"\/>\n<\/svg>\t\t<\/div>\n\t\t\t\t<div class=\"elementor-shape elementor-shape-bottom\" aria-hidden=\"true\" data-negative=\"false\">\n\t\t\t<svg xmlns=\"http:\/\/www.w3.org\/2000\/svg\" viewBox=\"0 0 1000 100\" preserveAspectRatio=\"none\">\n\t<path class=\"elementor-shape-fill\" d=\"M738,99l262-93V0H0v5.6L738,99z\"\/>\n<\/svg>\t\t<\/div>\n\t\t<div class=\"elementor-element elementor-element-9018fac e-con-full e-flex e-con e-child\" data-id=\"9018fac\" data-element_type=\"container\" data-e-type=\"container\">\n\t\t\t\t<div class=\"elementor-element elementor-element-657a6db elementor-widget elementor-widget-counter\" data-id=\"657a6db\" data-element_type=\"widget\" data-e-type=\"widget\" data-widget_type=\"counter.default\">\n\t\t\t\t\t\t\t<div class=\"elementor-counter\">\n\t\t\t<div class=\"elementor-counter-title\">T\u00edtulo de n\u00famero<\/div>\t\t\t<div class=\"elementor-counter-number-wrapper\">\n\t\t\t\t<span class=\"elementor-counter-number-prefix\"><\/span>\n\t\t\t\t<span class=\"elementor-counter-number\" data-duration=\"2000\" data-to-value=\"100\" data-from-value=\"0\" data-delimiter=\",\">0<\/span>\n\t\t\t\t<span class=\"elementor-counter-number-suffix\"><\/span>\n\t\t\t<\/div>\n\t\t<\/div>\n\t\t\t\t\t\t<\/div>\n\t\t\t\t<\/div>\n\t\t<div class=\"elementor-element elementor-element-28dd448 e-con-full e-flex e-con e-child\" data-id=\"28dd448\" data-element_type=\"container\" data-e-type=\"container\">\n\t\t\t\t<\/div>\n\t\t<div class=\"elementor-element elementor-element-3ff76fb e-con-full e-flex e-con e-child\" data-id=\"3ff76fb\" data-element_type=\"container\" data-e-type=\"container\">\n\t\t\t\t<\/div>\n\t\t\t\t\t<\/div>\n\t\t\t\t<\/div>\n\t\t\t\t<\/div>\n\t\t","protected":false},"excerpt":{"rendered":"<p>ACADEMIA DE F\u00daTBOL PROFESIONAL Quiero formar parte Donde el talento se pone a prueba En ACATEC Alicante, no solo ense\u00f1amos f\u00fatbol; forjamos el futuro del talento deportivo. Somos mucho m\u00e1s que una academia: somos un centro de tecnificaci\u00f3n de alto rendimiento dise\u00f1ado para jugadores y jugadoras que buscan alcanzar su m\u00e1ximo potencial y dar el [&hellip;]<\/p>\n","protected":false},"author":1,"featured_media":0,"parent":0,"menu_order":0,"comment_status":"closed","ping_status":"closed","template":"","meta":{"footnotes":""},"class_list":["post-8","page","type-page","status-publish","hentry"],"jetpack_sharing_enabled":true,"_links":{"self":[{"href":"https:\/\/www.acatecinternational.com\/index.php\/wp-json\/wp\/v2\/pages\/8","targetHints":{"allow":["GET"]}}],"collection":[{"href":"https:\/\/www.acatecinternational.com\/index.php\/wp-json\/wp\/v2\/pages"}],"about":[{"href":"https:\/\/www.acatecinternational.com\/index.php\/wp-json\/wp\/v2\/types\/page"}],"author":[{"embeddable":true,"href":"https:\/\/www.acatecinternational.com\/index.php\/wp-json\/wp\/v2\/users\/1"}],"replies":[{"embeddable":true,"href":"https:\/\/www.acatecinternational.com\/index.php\/wp-json\/wp\/v2\/comments?post=8"}],"version-history":[{"count":109,"href":"https:\/\/www.acatecinternational.com\/index.php\/wp-json\/wp\/v2\/pages\/8\/revisions"}],"predecessor-version":[{"id":155,"href":"https:\/\/www.acatecinternational.com\/index.php\/wp-json\/wp\/v2\/pages\/8\/revisions\/155"}],"wp:attachment":[{"href":"https:\/\/www.acatecinternational.com\/index.php\/wp-json\/wp\/v2\/media?parent=8"}],"curies":[{"name":"wp","href":"https:\/\/api.w.org\/{rel}","templated":true}]}}